{"id":3720,"date":"2019-10-10T12:13:18","date_gmt":"2019-10-10T10:13:18","guid":{"rendered":"http:\/\/www.pepite.info\/blog\/?page_id=3720"},"modified":"2019-10-17T15:01:39","modified_gmt":"2019-10-17T13:01:39","slug":"notte-della-ricerca","status":"publish","type":"page","link":"https:\/\/www.pepite.info\/blog\/notte-della-ricerca\/","title":{"rendered":"Notte della Ricerca"},"content":{"rendered":"<p><span style=\"color: #002052;\">Dopo il successo della <strong>Notte della Ricerca<\/strong>, STMicroelectronics organizza una nuova visita, ai laboratori di Fisica e Caratterizzazione Materiali e dell\u2019Istituto di Microelettronica e Microsistemi del CNR, il prossimo<strong> 4&nbsp;novembre<\/strong> <strong>dalle ore 18:30 alle ore 2<\/strong><strong>1<\/strong>, dedicata a coloro che non sono riusciti a visitarli lo scorso 26 settembre.<\/span><\/p>\n<p><span style=\"color: #002052;\">Nel caso desiderassi partecipare, compila il modulo di registrazione cliccando sulla fascia oraria preferita. Attenzione, i posti per ciascuna fascia oraria sono limitati.<\/span><\/p>\n<p>&nbsp;<\/p>\n<p style=\"text-align: center;\"><span style=\"color: #002052;\">Si prega di presentarsi all\u2019ingresso 15 minuti prima del proprio tour. <\/span><\/p>\n<p style=\"text-align: center;\"><span style=\"color: #002052;\">L&#8217;ingresso \u00e8 consentito ai maggiorenni. Verr\u00e0 richiesto un documento d&#8217;identit\u00e0.<\/span><\/p>\n<p><a href=\"https:\/\/www.pepite.info\/blog\/event\/notte-della-ricerca-6\/\"><img decoding=\"async\" class=\"aligncenter wp-image-3749 \" src=\"https:\/\/www.pepite.info\/blog\/wp-content\/uploads\/labtour.jpg\" alt=\"\" width=\"292\" height=\"74\" srcset=\"https:\/\/www.pepite.info\/blog\/wp-content\/uploads\/labtour.jpg 1062w, https:\/\/www.pepite.info\/blog\/wp-content\/uploads\/labtour-300x76.jpg 300w, https:\/\/www.pepite.info\/blog\/wp-content\/uploads\/labtour-768x195.jpg 768w, https:\/\/www.pepite.info\/blog\/wp-content\/uploads\/labtour-1024x260.jpg 1024w, https:\/\/www.pepite.info\/blog\/wp-content\/uploads\/labtour-600x153.jpg 600w, https:\/\/www.pepite.info\/blog\/wp-content\/uploads\/labtour-250x64.jpg 250w, https:\/\/www.pepite.info\/blog\/wp-content\/uploads\/labtour-945x240.jpg 945w\" sizes=\"(max-width: 292px) 100vw, 292px\" \/><\/a><\/p>\n<p><a href=\"https:\/\/www.pepite.info\/blog\/event\/notte-della-ricerca-2\/\"><img decoding=\"async\" class=\"aligncenter wp-image-3750 \" src=\"https:\/\/www.pepite.info\/blog\/wp-content\/uploads\/labtour1.jpg\" alt=\"\" width=\"295\" height=\"76\" srcset=\"https:\/\/www.pepite.info\/blog\/wp-content\/uploads\/labtour1.jpg 1068w, https:\/\/www.pepite.info\/blog\/wp-content\/uploads\/labtour1-300x77.jpg 300w, https:\/\/www.pepite.info\/blog\/wp-content\/uploads\/labtour1-768x198.jpg 768w, https:\/\/www.pepite.info\/blog\/wp-content\/uploads\/labtour1-1024x264.jpg 1024w, https:\/\/www.pepite.info\/blog\/wp-content\/uploads\/labtour1-600x154.jpg 600w, https:\/\/www.pepite.info\/blog\/wp-content\/uploads\/labtour1-250x64.jpg 250w, https:\/\/www.pepite.info\/blog\/wp-content\/uploads\/labtour1-945x243.jpg 945w\" sizes=\"(max-width: 295px) 100vw, 295px\" \/><\/a><\/p>\n<p><a href=\"https:\/\/www.pepite.info\/blog\/event\/notte-della-ricerca-3\/\"><img decoding=\"async\" class=\"aligncenter wp-image-3751 \" src=\"https:\/\/www.pepite.info\/blog\/wp-content\/uploads\/labtour2.jpg\" alt=\"\" width=\"291\" height=\"74\" srcset=\"https:\/\/www.pepite.info\/blog\/wp-content\/uploads\/labtour2.jpg 1064w, https:\/\/www.pepite.info\/blog\/wp-content\/uploads\/labtour2-300x76.jpg 300w, https:\/\/www.pepite.info\/blog\/wp-content\/uploads\/labtour2-768x196.jpg 768w, https:\/\/www.pepite.info\/blog\/wp-content\/uploads\/labtour2-1024x261.jpg 1024w, https:\/\/www.pepite.info\/blog\/wp-content\/uploads\/labtour2-600x153.jpg 600w, https:\/\/www.pepite.info\/blog\/wp-content\/uploads\/labtour2-250x64.jpg 250w, https:\/\/www.pepite.info\/blog\/wp-content\/uploads\/labtour2-945x241.jpg 945w\" sizes=\"(max-width: 291px) 100vw, 291px\" \/><\/a><\/p>\n<p><span style=\"color: #39a9dc;\"><strong>Come arrivare alla Notte della Ricerca<\/strong><\/span><\/p>\n<p><span style=\"color: #002052;\"><strong>Ingresso: STMicroelectronics &#8211; via C. Olivetti 2, Agrate Brianza<\/strong><\/span><\/p>\n<p><span style=\"color: #39a9dc;\"><strong>Servizio Navetta:<\/strong><\/span><\/p>\n<p><span style=\"color: #002052;\">E\u2019 previsto un servizio navetta dalla stazione M2 Cascina Gobba con i seguenti orari indicativi di andata e ritorno:<\/span><\/p>\n<p><span style=\"color: #002052;\">M2 Cascina Gobba \u2013 ST (via Camillo Olivetti 2): 18 \u2013 19 \u2013 20<\/span><\/p>\n<p><span style=\"color: #002052;\">ST (via Camillo Olivetti 2) &nbsp;\u2013 M2 Cascina Gobba: 19:30 \u2013 20:25 \u2013 21:00<\/span><\/p>\n<p><span style=\"color: #39a9dc;\"><strong>In treno:<\/strong><\/span><\/p>\n<p><span style=\"color: #002052;\">Se in arrivo alle stazioni ferroviarie di <strong>Milano Centrale<\/strong>, <strong>Garibaldi<\/strong> o <strong>Lambrate<\/strong>, raggiungere la fermata <strong>M2 Cascina Gobba<\/strong> e da l\u00ec prendere il pullman ST. Da <strong>Milano Rogoredo<\/strong> prendere la linea <strong>M3<\/strong> fino a <strong>Milano Centrale<\/strong>, poi la <strong>M2<\/strong> fino a <strong>Cascina Gobba<\/strong>.<\/span><\/p>\n<p><span style=\"color: #39a9dc;\"><strong>In auto: <\/strong><\/span><\/p>\n<p><span style=\"color: #002052;\">Uscita \u201cAgrate\u201d da entrambe le direzioni dell\u2019Autostrada A4\/Tangenziale Est, poi in via C. Olivetti 2, proseguire per il parcheggio multilivello, piano 1.<\/span><\/p>\n<p><span style=\"color: #002052;\">L\u2019evento si terr\u00e0 anche in caso di maltempo.<\/span><\/p>\n<p>&nbsp;<\/p>\n","protected":false},"excerpt":{"rendered":"<p>Dopo il successo della Notte della Ricerca, STMicroelectronics organizza una [&hellip;]<\/p>\n","protected":false},"author":9192292,"featured_media":3767,"parent":0,"menu_order":0,"comment_status":"closed","ping_status":"closed","template":"","meta":{"ngg_post_thumbnail":0,"footnotes":""},"class_list":["post-3720","page","type-page","status-publish","has-post-thumbnail","hentry"],"yoast_head":"<!-- This site is optimized with the Yoast SEO plugin v27.3 - https:\/\/yoast.com\/product\/yoast-seo-wordpress\/ -->\n<title>Notte della Ricerca - Pepite<\/title>\n<meta name=\"robots\" content=\"index, follow, max-snippet:-1, max-image-preview:large, max-video-preview:-1\" \/>\n<link rel=\"canonical\" href=\"https:\/\/www.pepite.info\/blog\/notte-della-ricerca\/\" \/>\n<meta property=\"og:locale\" content=\"it_IT\" \/>\n<meta property=\"og:type\" content=\"article\" \/>\n<meta property=\"og:title\" content=\"Notte della Ricerca - Pepite\" \/>\n<meta property=\"og:description\" content=\"Dopo il successo della Notte della Ricerca, STMicroelectronics organizza una [&hellip;]\" \/>\n<meta property=\"og:url\" content=\"https:\/\/www.pepite.info\/blog\/notte-della-ricerca\/\" \/>\n<meta property=\"og:site_name\" content=\"Pepite\" \/>\n<meta property=\"article:publisher\" content=\"https:\/\/www.facebook.com\/PepiteIdee\/\" \/>\n<meta property=\"article:modified_time\" content=\"2019-10-17T13:01:39+00:00\" \/>\n<meta property=\"og:image\" content=\"https:\/\/www.pepite.info\/blog\/wp-content\/uploads\/cover_a-2.jpg\" \/>\n\t<meta property=\"og:image:width\" content=\"8000\" \/>\n\t<meta property=\"og:image:height\" content=\"3860\" \/>\n\t<meta property=\"og:image:type\" content=\"image\/jpeg\" \/>\n<meta name=\"twitter:card\" content=\"summary_large_image\" \/>\n<meta name=\"twitter:label1\" content=\"Tempo di lettura stimato\" \/>\n\t<meta name=\"twitter:data1\" content=\"1 minuto\" \/>\n<script type=\"application\/ld+json\" class=\"yoast-schema-graph\">{\"@context\":\"https:\\\/\\\/schema.org\",\"@graph\":[{\"@type\":\"WebPage\",\"@id\":\"https:\\\/\\\/www.pepite.info\\\/blog\\\/notte-della-ricerca\\\/\",\"url\":\"https:\\\/\\\/www.pepite.info\\\/blog\\\/notte-della-ricerca\\\/\",\"name\":\"Notte della Ricerca - Pepite\",\"isPartOf\":{\"@id\":\"https:\\\/\\\/www.pepite.info\\\/blog\\\/#website\"},\"primaryImageOfPage\":{\"@id\":\"https:\\\/\\\/www.pepite.info\\\/blog\\\/notte-della-ricerca\\\/#primaryimage\"},\"image\":{\"@id\":\"https:\\\/\\\/www.pepite.info\\\/blog\\\/notte-della-ricerca\\\/#primaryimage\"},\"thumbnailUrl\":\"https:\\\/\\\/www.pepite.info\\\/blog\\\/wp-content\\\/uploads\\\/cover_a-2.jpg\",\"datePublished\":\"2019-10-10T10:13:18+00:00\",\"dateModified\":\"2019-10-17T13:01:39+00:00\",\"breadcrumb\":{\"@id\":\"https:\\\/\\\/www.pepite.info\\\/blog\\\/notte-della-ricerca\\\/#breadcrumb\"},\"inLanguage\":\"it-IT\",\"potentialAction\":[{\"@type\":\"ReadAction\",\"target\":[\"https:\\\/\\\/www.pepite.info\\\/blog\\\/notte-della-ricerca\\\/\"]}]},{\"@type\":\"ImageObject\",\"inLanguage\":\"it-IT\",\"@id\":\"https:\\\/\\\/www.pepite.info\\\/blog\\\/notte-della-ricerca\\\/#primaryimage\",\"url\":\"https:\\\/\\\/www.pepite.info\\\/blog\\\/wp-content\\\/uploads\\\/cover_a-2.jpg\",\"contentUrl\":\"https:\\\/\\\/www.pepite.info\\\/blog\\\/wp-content\\\/uploads\\\/cover_a-2.jpg\",\"width\":8000,\"height\":3860},{\"@type\":\"BreadcrumbList\",\"@id\":\"https:\\\/\\\/www.pepite.info\\\/blog\\\/notte-della-ricerca\\\/#breadcrumb\",\"itemListElement\":[{\"@type\":\"ListItem\",\"position\":1,\"name\":\"Home\",\"item\":\"https:\\\/\\\/www.pepite.info\\\/blog\\\/\"},{\"@type\":\"ListItem\",\"position\":2,\"name\":\"Notte della Ricerca\"}]},{\"@type\":\"WebSite\",\"@id\":\"https:\\\/\\\/www.pepite.info\\\/blog\\\/#website\",\"url\":\"https:\\\/\\\/www.pepite.info\\\/blog\\\/\",\"name\":\"Pepite - idee per l'impresa che verr\u00e0\",\"description\":\"Il blog per gli studenti e gli appassionati di tecnologia\",\"publisher\":{\"@id\":\"https:\\\/\\\/www.pepite.info\\\/blog\\\/#organization\"},\"potentialAction\":[{\"@type\":\"SearchAction\",\"target\":{\"@type\":\"EntryPoint\",\"urlTemplate\":\"https:\\\/\\\/www.pepite.info\\\/blog\\\/?s={search_term_string}\"},\"query-input\":{\"@type\":\"PropertyValueSpecification\",\"valueRequired\":true,\"valueName\":\"search_term_string\"}}],\"inLanguage\":\"it-IT\"},{\"@type\":\"Organization\",\"@id\":\"https:\\\/\\\/www.pepite.info\\\/blog\\\/#organization\",\"name\":\"Pepite\",\"url\":\"https:\\\/\\\/www.pepite.info\\\/blog\\\/\",\"logo\":{\"@type\":\"ImageObject\",\"inLanguage\":\"it-IT\",\"@id\":\"https:\\\/\\\/www.pepite.info\\\/blog\\\/#\\\/schema\\\/logo\\\/image\\\/\",\"url\":\"https:\\\/\\\/www.pepite.info\\\/blog\\\/wp-content\\\/uploads\\\/testata-1.1a.jpg\",\"contentUrl\":\"https:\\\/\\\/www.pepite.info\\\/blog\\\/wp-content\\\/uploads\\\/testata-1.1a.jpg\",\"width\":881,\"height\":385,\"caption\":\"Pepite\"},\"image\":{\"@id\":\"https:\\\/\\\/www.pepite.info\\\/blog\\\/#\\\/schema\\\/logo\\\/image\\\/\"},\"sameAs\":[\"https:\\\/\\\/www.facebook.com\\\/PepiteIdee\\\/\",\"https:\\\/\\\/www.instagram.com\\\/pepiteidee\\\/\",\"https:\\\/\\\/www.youtube.com\\\/channel\\\/UCLn0DNBJSXTeLkdzXkWM0xQ\"]}]}<\/script>\n<!-- \/ Yoast SEO plugin. -->","yoast_head_json":{"title":"Notte della Ricerca - Pepite","robots":{"index":"index","follow":"follow","max-snippet":"max-snippet:-1","max-image-preview":"max-image-preview:large","max-video-preview":"max-video-preview:-1"},"canonical":"https:\/\/www.pepite.info\/blog\/notte-della-ricerca\/","og_locale":"it_IT","og_type":"article","og_title":"Notte della Ricerca - Pepite","og_description":"Dopo il successo della Notte della Ricerca, STMicroelectronics organizza una [&hellip;]","og_url":"https:\/\/www.pepite.info\/blog\/notte-della-ricerca\/","og_site_name":"Pepite","article_publisher":"https:\/\/www.facebook.com\/PepiteIdee\/","article_modified_time":"2019-10-17T13:01:39+00:00","og_image":[{"width":8000,"height":3860,"url":"https:\/\/www.pepite.info\/blog\/wp-content\/uploads\/cover_a-2.jpg","type":"image\/jpeg"}],"twitter_card":"summary_large_image","twitter_misc":{"Tempo di lettura stimato":"1 minuto"},"schema":{"@context":"https:\/\/schema.org","@graph":[{"@type":"WebPage","@id":"https:\/\/www.pepite.info\/blog\/notte-della-ricerca\/","url":"https:\/\/www.pepite.info\/blog\/notte-della-ricerca\/","name":"Notte della Ricerca - Pepite","isPartOf":{"@id":"https:\/\/www.pepite.info\/blog\/#website"},"primaryImageOfPage":{"@id":"https:\/\/www.pepite.info\/blog\/notte-della-ricerca\/#primaryimage"},"image":{"@id":"https:\/\/www.pepite.info\/blog\/notte-della-ricerca\/#primaryimage"},"thumbnailUrl":"https:\/\/www.pepite.info\/blog\/wp-content\/uploads\/cover_a-2.jpg","datePublished":"2019-10-10T10:13:18+00:00","dateModified":"2019-10-17T13:01:39+00:00","breadcrumb":{"@id":"https:\/\/www.pepite.info\/blog\/notte-della-ricerca\/#breadcrumb"},"inLanguage":"it-IT","potentialAction":[{"@type":"ReadAction","target":["https:\/\/www.pepite.info\/blog\/notte-della-ricerca\/"]}]},{"@type":"ImageObject","inLanguage":"it-IT","@id":"https:\/\/www.pepite.info\/blog\/notte-della-ricerca\/#primaryimage","url":"https:\/\/www.pepite.info\/blog\/wp-content\/uploads\/cover_a-2.jpg","contentUrl":"https:\/\/www.pepite.info\/blog\/wp-content\/uploads\/cover_a-2.jpg","width":8000,"height":3860},{"@type":"BreadcrumbList","@id":"https:\/\/www.pepite.info\/blog\/notte-della-ricerca\/#breadcrumb","itemListElement":[{"@type":"ListItem","position":1,"name":"Home","item":"https:\/\/www.pepite.info\/blog\/"},{"@type":"ListItem","position":2,"name":"Notte della Ricerca"}]},{"@type":"WebSite","@id":"https:\/\/www.pepite.info\/blog\/#website","url":"https:\/\/www.pepite.info\/blog\/","name":"Pepite - idee per l'impresa che verr\u00e0","description":"Il blog per gli studenti e gli appassionati di tecnologia","publisher":{"@id":"https:\/\/www.pepite.info\/blog\/#organization"},"potentialAction":[{"@type":"SearchAction","target":{"@type":"EntryPoint","urlTemplate":"https:\/\/www.pepite.info\/blog\/?s={search_term_string}"},"query-input":{"@type":"PropertyValueSpecification","valueRequired":true,"valueName":"search_term_string"}}],"inLanguage":"it-IT"},{"@type":"Organization","@id":"https:\/\/www.pepite.info\/blog\/#organization","name":"Pepite","url":"https:\/\/www.pepite.info\/blog\/","logo":{"@type":"ImageObject","inLanguage":"it-IT","@id":"https:\/\/www.pepite.info\/blog\/#\/schema\/logo\/image\/","url":"https:\/\/www.pepite.info\/blog\/wp-content\/uploads\/testata-1.1a.jpg","contentUrl":"https:\/\/www.pepite.info\/blog\/wp-content\/uploads\/testata-1.1a.jpg","width":881,"height":385,"caption":"Pepite"},"image":{"@id":"https:\/\/www.pepite.info\/blog\/#\/schema\/logo\/image\/"},"sameAs":["https:\/\/www.facebook.com\/PepiteIdee\/","https:\/\/www.instagram.com\/pepiteidee\/","https:\/\/www.youtube.com\/channel\/UCLn0DNBJSXTeLkdzXkWM0xQ"]}]}},"_links":{"self":[{"href":"https:\/\/www.pepite.info\/blog\/wp-json\/wp\/v2\/pages\/3720","targetHints":{"allow":["GET"]}}],"collection":[{"href":"https:\/\/www.pepite.info\/blog\/wp-json\/wp\/v2\/pages"}],"about":[{"href":"https:\/\/www.pepite.info\/blog\/wp-json\/wp\/v2\/types\/page"}],"author":[{"embeddable":true,"href":"https:\/\/www.pepite.info\/blog\/wp-json\/wp\/v2\/users\/9192292"}],"replies":[{"embeddable":true,"href":"https:\/\/www.pepite.info\/blog\/wp-json\/wp\/v2\/comments?post=3720"}],"version-history":[{"count":19,"href":"https:\/\/www.pepite.info\/blog\/wp-json\/wp\/v2\/pages\/3720\/revisions"}],"predecessor-version":[{"id":3802,"href":"https:\/\/www.pepite.info\/blog\/wp-json\/wp\/v2\/pages\/3720\/revisions\/3802"}],"wp:featuredmedia":[{"embeddable":true,"href":"https:\/\/www.pepite.info\/blog\/wp-json\/wp\/v2\/media\/3767"}],"wp:attachment":[{"href":"https:\/\/www.pepite.info\/blog\/wp-json\/wp\/v2\/media?parent=3720"}],"curies":[{"name":"wp","href":"https:\/\/api.w.org\/{rel}","templated":true}]}}